{"id":18162,"date":"2025-06-11T12:27:32","date_gmt":"2025-06-11T10:27:32","guid":{"rendered":"https:\/\/unifa-fashion.com\/?page_id=18162"},"modified":"2025-12-04T01:39:53","modified_gmt":"2025-12-03T23:39:53","slug":"colorush","status":"publish","type":"page","link":"https:\/\/unifa-fashion.com\/?page_id=18162","title":{"rendered":"COLORUSH"},"content":{"rendered":"\n<p><\/p>\n\n\n\n<div class=\"wp-block-uagb-image uagb-block-8a004912 wp-block-uagb-image--layout-default wp-block-uagb-image--effect-static wp-block-uagb-image--align-none\"><figure class=\"wp-block-uagb-image__figure\"><a class=\"\" href=\"https:\/\/unifa-fashion.com\/wp-content\/uploads\/2024\/12\/Wordmark-To-Be-Used-At-Smaller-Sizes-scaled.jpg\" target=\"\" rel=\"noopener\"><img decoding=\"async\" srcset=\"https:\/\/unifa-fashion.com\/wp-content\/uploads\/2024\/12\/Wordmark-To-Be-Used-At-Smaller-Sizes-1024x171.jpg ,https:\/\/unifa-fashion.com\/wp-content\/uploads\/2024\/12\/Wordmark-To-Be-Used-At-Smaller-Sizes-scaled.jpg 780w, https:\/\/unifa-fashion.com\/wp-content\/uploads\/2024\/12\/Wordmark-To-Be-Used-At-Smaller-Sizes-scaled.jpg 360w\" sizes=\"auto, (max-width: 480px) 150px\" src=\"https:\/\/unifa-fashion.com\/wp-content\/uploads\/2024\/12\/Wordmark-To-Be-Used-At-Smaller-Sizes-1024x171.jpg\" alt=\"\" class=\"uag-image-17939\" width=\"688\" height=\"114\" title=\"Wordmark-To Be Used At Smaller Sizes\" loading=\"lazy\" role=\"img\"\/><\/a><\/figure><\/div>\n\n\n\n<div class=\"wp-block-group is-nowrap is-layout-flex wp-container-core-group-is-layout-ad2f72ca wp-block-group-is-layout-flex\"><\/div>\n\n\n\n<div style=\"height:100px\" aria-hidden=\"true\" class=\"wp-block-spacer\"><\/div>\n\n\n\n<div class=\"wp-block-uagb-image uagb-block-ba7eb435 wp-block-uagb-image--layout-default wp-block-uagb-image--effect-static wp-block-uagb-image--align-none\"><figure class=\"wp-block-uagb-image__figure\"><a class=\"\" href=\"https:\/\/unifa-fashion.com\/wp-content\/uploads\/2025\/12\/AW26_BRUSHED-BYRON-BEANIE-_-STONEWASH-0001-2-scaled.jpg\" target=\"\" rel=\"noopener\"><img decoding=\"async\" srcset=\"https:\/\/unifa-fashion.com\/wp-content\/uploads\/2025\/12\/AW26_BRUSHED-BYRON-BEANIE-_-STONEWASH-0001-2-683x1024.jpg ,https:\/\/unifa-fashion.com\/wp-content\/uploads\/2025\/12\/AW26_BRUSHED-BYRON-BEANIE-_-STONEWASH-0001-2-scaled.jpg 780w, https:\/\/unifa-fashion.com\/wp-content\/uploads\/2025\/12\/AW26_BRUSHED-BYRON-BEANIE-_-STONEWASH-0001-2-scaled.jpg 360w\" sizes=\"auto, (max-width: 480px) 150px\" src=\"https:\/\/unifa-fashion.com\/wp-content\/uploads\/2025\/12\/AW26_BRUSHED-BYRON-BEANIE-_-STONEWASH-0001-2-683x1024.jpg\" alt=\"\" class=\"uag-image-18645\" width=\"438\" height=\"657\" title=\"AW26_BRUSHED BYRON BEANIE _ STONEWASH  0001\" loading=\"lazy\" role=\"img\"\/><\/a><\/figure><\/div>\n\n\n\n<p><\/p>\n\n\n\n<div style=\"height:100px\" aria-hidden=\"true\" class=\"wp-block-spacer\"><\/div>\n\n\n\n<p class=\"has-text-align-center\">ABOUT <\/p>\n\n\n\n<div class=\"wp-block-uagb-advanced-heading uagb-block-f751c553\"><h2 class=\"uagb-heading-text\">COLORUSH<\/h2><p class=\"uagb-desc-text\"><br>BORN IN COLOR<br>COLORUSH (Kurzschrift C~RUSH) ist ein belgisches Kaschmir Label, welches 2020 von Jill Shaw und ihre Freundin &amp; Gesch\u00e4ftspartnerin Roxanne Sabbe gegr\u00fcndet wurde. Die beiden kreativen K\u00fcnstler gr\u00fcndeten das Brand mit einer Leidenschaft f\u00fcr lebendige, risikofreudige Mode. Ihre Reise begann mit der Idee, Menschen die M\u00f6glichkeit zu geben, sich durch Farben und einzigartige Designs mutig auszudr\u00fccken. In einer Welt, die von kr\u00e4ftigen Farben fasziniert ist, ist das Tragen von COLORUSH purer Selbstausdruck.<br>Verantwortungsvoll hergestellt aus reinem Langhaar Kaschmir aus der Mongolei und ma\u00dfgeschneidertes OEKO-TEX zertifizierte Farbstoffe treffen&nbsp; weiche Wohlf\u00fchlformen hier auf sanfte Neutralt\u00f6ne, frische Pastellt\u00f6ne und Knallfarben. Styles, die sich so gut anf\u00fcllen, dass Sie es nie wieder ausziehen, werden.<br>Von reinen Kaschmir-Styles, in den saisonalen Farben bis hin zu neuartigen Designs in limitierter Auflage werden pro Jahr drei Kollektionen pr\u00e4sentiert, das Hauptaugenmerk hier die DOB-Linien.<\/p><\/div>\n\n\n\n<p><\/p>\n\n\n\n<div style=\"height:49px\" aria-hidden=\"true\" class=\"wp-block-spacer\"><\/div>\n\n\n\n<p class=\"has-text-align-center\"><a href=\"https:\/\/colorush.com\">https:\/\/colorush.com<\/a><\/p>\n\n\n      \n\t\t\t<div class=\"uagb-icon-wrapper uagb-block-b2f9ba7e      \"\n\t\t\tstyle=\"\" >\n\t\t\t\t\t\t\t\t\t<span class=\"uagb-svg-wrapper\" \n\t\t\t\t\t aria-label=\"https:\/\/www.instagram.com\/colorush_official\/\"\t\t\t\t\ttabindex=\"0\">\t\t\n\t\t\t\t\t\t\t\t\t\t<a rel=\"noopener noreferrer\" href=\"https:\/\/www.instagram.com\/colorush_official\/\" target=\"_blank\"><svg xmlns=\"https:\/\/www.w3.org\/2000\/svg\" viewBox= \"0 0 448 512\" role=\"graphics-symbol\" aria-hidden=\"false\" aria-label=\"https:\/\/www.instagram.com\/colorush_official\/\"><path d=\"M224.1 141c-63.6 0-114.9 51.3-114.9 114.9s51.3 114.9 114.9 114.9S339 319.5 339 255.9 287.7 141 224.1 141zm0 189.6c-41.1 0-74.7-33.5-74.7-74.7s33.5-74.7 74.7-74.7 74.7 33.5 74.7 74.7-33.6 74.7-74.7 74.7zm146.4-194.3c0 14.9-12 26.8-26.8 26.8-14.9 0-26.8-12-26.8-26.8s12-26.8 26.8-26.8 26.8 12 26.8 26.8zm76.1 27.2c-1.7-35.9-9.9-67.7-36.2-93.9-26.2-26.2-58-34.4-93.9-36.2-37-2.1-147.9-2.1-184.9 0-35.8 1.7-67.6 9.9-93.9 36.1s-34.4 58-36.2 93.9c-2.1 37-2.1 147.9 0 184.9 1.7 35.9 9.9 67.7 36.2 93.9s58 34.4 93.9 36.2c37 2.1 147.9 2.1 184.9 0 35.9-1.7 67.7-9.9 93.9-36.2 26.2-26.2 34.4-58 36.2-93.9 2.1-37 2.1-147.8 0-184.8zM398.8 388c-7.8 19.6-22.9 34.7-42.6 42.6-29.5 11.7-99.5 9-132.1 9s-102.7 2.6-132.1-9c-19.6-7.8-34.7-22.9-42.6-42.6-11.7-29.5-9-99.5-9-132.1s-2.6-102.7 9-132.1c7.8-19.6 22.9-34.7 42.6-42.6 29.5-11.7 99.5-9 132.1-9s102.7-2.6 132.1 9c19.6 7.8 34.7 22.9 42.6 42.6 11.7 29.5 9 99.5 9 132.1s2.7 102.7-9 132.1z\"><\/path><\/svg><\/a>\n\t\t\t\t\t\t\t\t\t<\/span>\n\t\t\t\t\t\t\t<\/div>\n\t\t\t\n\n\n<div style=\"height:80px\" aria-hidden=\"true\" class=\"wp-block-spacer\"><\/div>\n\n\n\n<div class=\"wp-block-uagb-separator uagb-block-796149ac\"><div class=\"wp-block-uagb-separator__inner\" style=\"--my-background-image:\"><\/div><\/div>\n\n\n\n<div style=\"height:50px\" aria-hidden=\"true\" class=\"wp-block-spacer\"><\/div>\n\n\n\n<div class=\"wp-block-uagb-advanced-heading uagb-block-55ffb60d\"><h2 class=\"uagb-heading-text\">DISTRIBUTION <\/h2><p class=\"uagb-desc-text\"><a href=\"https:\/\/themad.agency\/\" data-type=\"link\" data-id=\"https:\/\/themad.agency\/\">UNIFA GMBH<\/a><\/p><\/div>\n\n\n\n<p class=\"has-text-align-center\"><br>SILVIA WESTERHAUSEN \u2028+49(0) 163 580 88 66 \/&nbsp;<a href=\"mailto:S.WESTERHAUSEN@UNIFAFASHION.COM\"><strong>S.WESTERHAUSEN@UNIFAFASHION.COM<\/strong><\/a><\/p>\n\n\n\n<div style=\"height:100px\" aria-hidden=\"true\" class=\"wp-block-spacer\"><\/div>\n\n\n\n<p><\/p>\n\n\n\n<p><\/p>\n\n\n\n<div class=\"wp-block-uagb-image uagb-block-064eb237 wp-block-uagb-image--layout-default wp-block-uagb-image--effect-static wp-block-uagb-image--align-none\"><figure class=\"wp-block-uagb-image__figure\"><a class=\"\" href=\"https:\/\/unifa-fashion.com\/wp-content\/uploads\/2025\/12\/AW26_BRUSHED-DIP-TOTO-JACKET-_-MERLOT-MIST-0069-2-scaled.jpg\" target=\"\" rel=\"noopener\"><img decoding=\"async\" srcset=\"https:\/\/unifa-fashion.com\/wp-content\/uploads\/2025\/12\/AW26_BRUSHED-DIP-TOTO-JACKET-_-MERLOT-MIST-0069-2-683x1024.jpg ,https:\/\/unifa-fashion.com\/wp-content\/uploads\/2025\/12\/AW26_BRUSHED-DIP-TOTO-JACKET-_-MERLOT-MIST-0069-2-scaled.jpg 780w, https:\/\/unifa-fashion.com\/wp-content\/uploads\/2025\/12\/AW26_BRUSHED-DIP-TOTO-JACKET-_-MERLOT-MIST-0069-2-scaled.jpg 360w\" sizes=\"auto, (max-width: 480px) 150px\" src=\"https:\/\/unifa-fashion.com\/wp-content\/uploads\/2025\/12\/AW26_BRUSHED-DIP-TOTO-JACKET-_-MERLOT-MIST-0069-2-683x1024.jpg\" alt=\"\" class=\"uag-image-18646\" width=\"5368\" height=\"8048\" title=\"AW26_BRUSHED DIP TOTO JACKET _ MERLOT MIST 0069\" loading=\"lazy\" role=\"img\"\/><\/a><\/figure><\/div>\n\n\n\n<div style=\"height:100px\" aria-hidden=\"true\" class=\"wp-block-spacer\"><\/div>\n\n\n\n<div class=\"wp-block-group alignfull has-background-color\" style=\"margin-top:0;margin-bottom:0;padding-top:var(--wp--preset--spacing--50);padding-right:var(--wp--preset--spacing--30);padding-bottom:var(--wp--preset--spacing--50);padding-left:var(--wp--preset--spacing--30)\"><div class=\"wp-block-group__inner-container is-layout-flow wp-block-group-is-layout-flow\"><\/div><\/div>\n\n\n\n<p><\/p>\n\n\n\n<p><\/p>\n","protected":false},"excerpt":{"rendered":"<p>ABOUT COLORUSH BORN IN COLORCOLORUSH (Kurzschrift C~RUSH) ist ein belgisches Kaschmir Label, welches 2020 von Jill Shaw und ihre Freundin &amp; Gesch\u00e4ftspartnerin Roxanne Sabbe gegr\u00fcndet &hellip; <\/p>\n","protected":false},"author":1,"featured_media":0,"parent":0,"menu_order":0,"comment_status":"closed","ping_status":"closed","template":"","meta":{"_uag_custom_page_level_css":"","kk_blocks_editor_width":"","_kiokenblocks_attr":"","_kiokenblocks_dimensions":"","footnotes":""},"class_list":["post-18162","page","type-page","status-publish","hentry"],"uagb_featured_image_src":{"full":false,"thumbnail":false,"medium":false,"medium_large":false,"large":false,"1536x1536":false,"2048x2048":false,"hello-fashion-slider":false,"hello-fashion-blog-three":false,"hello-fashion-blog-four":false,"vilva-slider-one":false,"vilva-featured-four":false,"vilva-blog":false,"vilva-blog-one":false,"vilva-sidebar":false,"awb_sm":false,"awb_md":false,"awb_lg":false,"awb_xl":false},"uagb_author_info":{"display_name":"admin","author_link":"https:\/\/unifa-fashion.com\/?author=1"},"uagb_comment_info":0,"uagb_excerpt":"ABOUT COLORUSH BORN IN COLORCOLORUSH (Kurzschrift C~RUSH) ist ein belgisches Kaschmir Label, welches 2020 von Jill Shaw und ihre Freundin &amp; Gesch\u00e4ftspartnerin Roxanne Sabbe gegr\u00fcndet &hellip;","_links":{"self":[{"href":"https:\/\/unifa-fashion.com\/index.php?rest_route=\/wp\/v2\/pages\/18162","targetHints":{"allow":["GET"]}}],"collection":[{"href":"https:\/\/unifa-fashion.com\/index.php?rest_route=\/wp\/v2\/pages"}],"about":[{"href":"https:\/\/unifa-fashion.com\/index.php?rest_route=\/wp\/v2\/types\/page"}],"author":[{"embeddable":true,"href":"https:\/\/unifa-fashion.com\/index.php?rest_route=\/wp\/v2\/users\/1"}],"replies":[{"embeddable":true,"href":"https:\/\/unifa-fashion.com\/index.php?rest_route=%2Fwp%2Fv2%2Fcomments&post=18162"}],"version-history":[{"count":21,"href":"https:\/\/unifa-fashion.com\/index.php?rest_route=\/wp\/v2\/pages\/18162\/revisions"}],"predecessor-version":[{"id":18648,"href":"https:\/\/unifa-fashion.com\/index.php?rest_route=\/wp\/v2\/pages\/18162\/revisions\/18648"}],"wp:attachment":[{"href":"https:\/\/unifa-fashion.com\/index.php?rest_route=%2Fwp%2Fv2%2Fmedia&parent=18162"}],"curies":[{"name":"wp","href":"https:\/\/api.w.org\/{rel}","templated":true}]}}