{"id":18186,"date":"2025-06-11T13:37:29","date_gmt":"2025-06-11T11:37:29","guid":{"rendered":"https:\/\/unifa-fashion.com\/?page_id=18186"},"modified":"2025-07-07T18:03:46","modified_gmt":"2025-07-07T16:03:46","slug":"colorush-2-2","status":"publish","type":"page","link":"https:\/\/unifa-fashion.com\/?page_id=18186","title":{"rendered":"NATION LTD"},"content":{"rendered":"\n<div class=\"wp-block-group alignfull\" style=\"padding-top:var(--wp--preset--spacing--30);padding-right:var(--wp--preset--spacing--30);padding-bottom:var(--wp--preset--spacing--30);padding-left:var(--wp--preset--spacing--30)\"><div class=\"wp-block-group__inner-container is-layout-constrained wp-container-core-group-is-layout-97875daf wp-block-group-is-layout-constrained\"><\/div><\/div>\n\n\n\n<p><\/p>\n\n\n\n<div class=\"wp-block-uagb-image uagb-block-8a004912 wp-block-uagb-image--layout-default wp-block-uagb-image--effect-static wp-block-uagb-image--align-none\"><figure class=\"wp-block-uagb-image__figure\"><a class=\"\" href=\"https:\/\/unifa-fashion.com\/wp-content\/uploads\/2024\/12\/Wordmark-To-Be-Used-At-Smaller-Sizes-scaled.jpg\" target=\"\" rel=\"noopener\"><img decoding=\"async\" srcset=\"https:\/\/unifa-fashion.com\/wp-content\/uploads\/2024\/12\/NATION-LA-LOGO-BLK-web.jpg ,https:\/\/unifa-fashion.com\/wp-content\/uploads\/2024\/12\/NATION-LA-LOGO-BLK-web.jpg 780w, https:\/\/unifa-fashion.com\/wp-content\/uploads\/2024\/12\/NATION-LA-LOGO-BLK-web.jpg 360w\" sizes=\"auto, (max-width: 480px) 150px\" src=\"https:\/\/unifa-fashion.com\/wp-content\/uploads\/2024\/12\/NATION-LA-LOGO-BLK-web.jpg\" alt=\"\" class=\"uag-image-17933\" width=\"627\" height=\"231\" title=\"NATION LA LOGO BLK-web\" loading=\"lazy\" role=\"img\"\/><\/a><\/figure><\/div>\n\n\n\n<div class=\"wp-block-group is-nowrap is-layout-flex wp-container-core-group-is-layout-ad2f72ca wp-block-group-is-layout-flex\"><\/div>\n\n\n\n<div style=\"height:100px\" aria-hidden=\"true\" class=\"wp-block-spacer\"><\/div>\n\n\n<div class=\"wp-block-image\">\n<figure class=\"aligncenter size-large is-resized\"><a href=\"https:\/\/unifa-fashion.com\/wp-content\/uploads\/2025\/07\/BLAIR-TEE-2135CNX_WHT_H-scaled.jpg\"><img loading=\"lazy\" decoding=\"async\" width=\"769\" height=\"1024\" src=\"https:\/\/unifa-fashion.com\/wp-content\/uploads\/2025\/07\/BLAIR-TEE-2135CNX_WHT_H-769x1024.jpg\" alt=\"\" class=\"wp-image-18516\" style=\"width:589px;height:auto\" srcset=\"https:\/\/unifa-fashion.com\/wp-content\/uploads\/2025\/07\/BLAIR-TEE-2135CNX_WHT_H-769x1024.jpg 769w, https:\/\/unifa-fashion.com\/wp-content\/uploads\/2025\/07\/BLAIR-TEE-2135CNX_WHT_H-225x300.jpg 225w, https:\/\/unifa-fashion.com\/wp-content\/uploads\/2025\/07\/BLAIR-TEE-2135CNX_WHT_H-768x1023.jpg 768w, https:\/\/unifa-fashion.com\/wp-content\/uploads\/2025\/07\/BLAIR-TEE-2135CNX_WHT_H-1153x1536.jpg 1153w, https:\/\/unifa-fashion.com\/wp-content\/uploads\/2025\/07\/BLAIR-TEE-2135CNX_WHT_H-1538x2048.jpg 1538w, https:\/\/unifa-fashion.com\/wp-content\/uploads\/2025\/07\/BLAIR-TEE-2135CNX_WHT_H-500x666.jpg 500w, https:\/\/unifa-fashion.com\/wp-content\/uploads\/2025\/07\/BLAIR-TEE-2135CNX_WHT_H-800x1065.jpg 800w, https:\/\/unifa-fashion.com\/wp-content\/uploads\/2025\/07\/BLAIR-TEE-2135CNX_WHT_H-1280x1705.jpg 1280w, https:\/\/unifa-fashion.com\/wp-content\/uploads\/2025\/07\/BLAIR-TEE-2135CNX_WHT_H-1920x2557.jpg 1920w, https:\/\/unifa-fashion.com\/wp-content\/uploads\/2025\/07\/BLAIR-TEE-2135CNX_WHT_H-scaled.jpg 1922w\" sizes=\"auto, (max-width: 769px) 100vw, 769px\" \/><\/a><\/figure><\/div>\n\n\n<p><\/p>\n\n\n\n<div style=\"height:100px\" aria-hidden=\"true\" class=\"wp-block-spacer\"><\/div>\n\n\n\n<p class=\"has-text-align-center\">ABOUT <\/p>\n\n\n\n<div class=\"wp-block-uagb-advanced-heading uagb-block-f751c553\"><h2 class=\"uagb-heading-text\">NATION LTD<\/h2><p class=\"uagb-desc-text\"><br><strong>Nation LTD&nbsp;<\/strong>ist eine zeitgem\u00e4\u00dfe Damenkollektion, die sich auf hochwertige, bequeme Basics, wie das T-Shirt spezialisiert hat. Das Brand wurde in Los Angeles gegr\u00fcndet und ist bekannt f\u00fcr seine minimalistischen, zeitlosen Designs, die Komfort und Stil vereinen.&nbsp;<strong>Nation LTD<\/strong>&nbsp;setzt hier auf nachhaltige Praktiken und verwendet oft umweltfreundliche Materialien wie Bio-Baumwolle, Leinen und Mischgewebe, die besonders weich und angenehm zu tragen sind. Durch die Priorisierung der Nachhaltigkeit in jedem Schritt ihrer Lieferkette, vom Saatgut bis zum Kleidungsst\u00fcck, erreicht die Marke ein h\u00f6heres Ma\u00df an Qualit\u00e4t und Raffinesse.<\/p><\/div>\n\n\n\n<p><\/p>\n\n\n\n<div style=\"height:49px\" aria-hidden=\"true\" class=\"wp-block-spacer\"><\/div>\n\n\n\n<p class=\"has-text-align-center\"><a href=\"https:\/\/nation.la\">https:\/\/nation.la<\/a><\/p>\n\n\n      \n\t\t\t<div class=\"uagb-icon-wrapper uagb-block-b2f9ba7e      \"\n\t\t\tstyle=\"\" >\n\t\t\t\t\t\t\t\t\t<span class=\"uagb-svg-wrapper\" \n\t\t\t\t\t aria-label=\"https:\/\/www.instagram.com\/shopnation.la\/\"\t\t\t\t\ttabindex=\"0\">\t\t\n\t\t\t\t\t\t\t\t\t\t<a rel=\"noopener noreferrer\" href=\"https:\/\/www.instagram.com\/shopnation.la\/\" target=\"_blank\"><svg xmlns=\"https:\/\/www.w3.org\/2000\/svg\" viewBox= \"0 0 448 512\" role=\"graphics-symbol\" aria-hidden=\"false\" aria-label=\"https:\/\/www.instagram.com\/shopnation.la\/\"><path d=\"M224.1 141c-63.6 0-114.9 51.3-114.9 114.9s51.3 114.9 114.9 114.9S339 319.5 339 255.9 287.7 141 224.1 141zm0 189.6c-41.1 0-74.7-33.5-74.7-74.7s33.5-74.7 74.7-74.7 74.7 33.5 74.7 74.7-33.6 74.7-74.7 74.7zm146.4-194.3c0 14.9-12 26.8-26.8 26.8-14.9 0-26.8-12-26.8-26.8s12-26.8 26.8-26.8 26.8 12 26.8 26.8zm76.1 27.2c-1.7-35.9-9.9-67.7-36.2-93.9-26.2-26.2-58-34.4-93.9-36.2-37-2.1-147.9-2.1-184.9 0-35.8 1.7-67.6 9.9-93.9 36.1s-34.4 58-36.2 93.9c-2.1 37-2.1 147.9 0 184.9 1.7 35.9 9.9 67.7 36.2 93.9s58 34.4 93.9 36.2c37 2.1 147.9 2.1 184.9 0 35.9-1.7 67.7-9.9 93.9-36.2 26.2-26.2 34.4-58 36.2-93.9 2.1-37 2.1-147.8 0-184.8zM398.8 388c-7.8 19.6-22.9 34.7-42.6 42.6-29.5 11.7-99.5 9-132.1 9s-102.7 2.6-132.1-9c-19.6-7.8-34.7-22.9-42.6-42.6-11.7-29.5-9-99.5-9-132.1s-2.6-102.7 9-132.1c7.8-19.6 22.9-34.7 42.6-42.6 29.5-11.7 99.5-9 132.1-9s102.7-2.6 132.1 9c19.6 7.8 34.7 22.9 42.6 42.6 11.7 29.5 9 99.5 9 132.1s2.7 102.7-9 132.1z\"><\/path><\/svg><\/a>\n\t\t\t\t\t\t\t\t\t<\/span>\n\t\t\t\t\t\t\t<\/div>\n\t\t\t\n\n\n<div style=\"height:80px\" aria-hidden=\"true\" class=\"wp-block-spacer\"><\/div>\n\n\n\n<div class=\"wp-block-uagb-separator uagb-block-796149ac\"><div class=\"wp-block-uagb-separator__inner\" style=\"--my-background-image:\"><\/div><\/div>\n\n\n\n<div style=\"height:50px\" aria-hidden=\"true\" class=\"wp-block-spacer\"><\/div>\n\n\n\n<div class=\"wp-block-uagb-advanced-heading uagb-block-55ffb60d\"><h2 class=\"uagb-heading-text\">DISTRIBUTION <\/h2><p class=\"uagb-desc-text\"><a href=\"https:\/\/themad.agency\/\" data-type=\"link\" data-id=\"https:\/\/themad.agency\/\">UNIFA GMBH<\/a><\/p><\/div>\n\n\n      \n\t\t\t<div class=\"uagb-icon-wrapper uagb-block-70959d6a      \"\n\t\t\tstyle=\"\" >\n\t\t\t\t\t\t\t\t\t<span class=\"uagb-svg-wrapper\" \n\t\t\t\t\t aria-label=\"https:\/\/www.instagram.com\/unifa_fashion\/?hl=en\"\t\t\t\t\ttabindex=\"0\">\t\t\n\t\t\t\t\t\t\t\t\t\t<a rel=\"noopener noreferrer\" href=\"https:\/\/www.instagram.com\/unifa_fashion\/?hl=en\" target=\"_blank\"><svg xmlns=\"https:\/\/www.w3.org\/2000\/svg\" viewBox= \"0 0 448 512\" role=\"graphics-symbol\" aria-hidden=\"false\" aria-label=\"https:\/\/www.instagram.com\/unifa_fashion\/?hl=en\"><path d=\"M224.1 141c-63.6 0-114.9 51.3-114.9 114.9s51.3 114.9 114.9 114.9S339 319.5 339 255.9 287.7 141 224.1 141zm0 189.6c-41.1 0-74.7-33.5-74.7-74.7s33.5-74.7 74.7-74.7 74.7 33.5 74.7 74.7-33.6 74.7-74.7 74.7zm146.4-194.3c0 14.9-12 26.8-26.8 26.8-14.9 0-26.8-12-26.8-26.8s12-26.8 26.8-26.8 26.8 12 26.8 26.8zm76.1 27.2c-1.7-35.9-9.9-67.7-36.2-93.9-26.2-26.2-58-34.4-93.9-36.2-37-2.1-147.9-2.1-184.9 0-35.8 1.7-67.6 9.9-93.9 36.1s-34.4 58-36.2 93.9c-2.1 37-2.1 147.9 0 184.9 1.7 35.9 9.9 67.7 36.2 93.9s58 34.4 93.9 36.2c37 2.1 147.9 2.1 184.9 0 35.9-1.7 67.7-9.9 93.9-36.2 26.2-26.2 34.4-58 36.2-93.9 2.1-37 2.1-147.8 0-184.8zM398.8 388c-7.8 19.6-22.9 34.7-42.6 42.6-29.5 11.7-99.5 9-132.1 9s-102.7 2.6-132.1-9c-19.6-7.8-34.7-22.9-42.6-42.6-11.7-29.5-9-99.5-9-132.1s-2.6-102.7 9-132.1c7.8-19.6 22.9-34.7 42.6-42.6 29.5-11.7 99.5-9 132.1-9s102.7-2.6 132.1 9c19.6 7.8 34.7 22.9 42.6 42.6 11.7 29.5 9 99.5 9 132.1s2.7 102.7-9 132.1z\"><\/path><\/svg><\/a>\n\t\t\t\t\t\t\t\t\t<\/span>\n\t\t\t\t\t\t\t<\/div>\n\t\t\t\n\n\n<p class=\"has-text-align-center\"><br>SILVIA WESTERHAUSEN \u2028+49(0) 163 580 88 66 \/&nbsp;<a href=\"mailto:S.WESTERHAUSEN@UNIFAFASHION.COM\"><strong>S.WESTERHAUSEN@UNIFAFASHION.COM<\/strong><\/a><\/p>\n\n\n\n<div style=\"height:100px\" aria-hidden=\"true\" class=\"wp-block-spacer\"><\/div>\n\n\n\n<p><\/p>\n\n\n\n<p><\/p>\n\n\n\n<div class=\"wp-block-uagb-image uagb-block-064eb237 wp-block-uagb-image--layout-default wp-block-uagb-image--effect-static wp-block-uagb-image--align-none\"><figure class=\"wp-block-uagb-image__figure\"><a class=\"\" href=\"https:\/\/unifa-fashion.com\/wp-content\/uploads\/2025\/06\/20231002_00406-scaled.jpg\" target=\"\" rel=\"noopener\"><img decoding=\"async\" srcset=\"https:\/\/unifa-fashion.com\/wp-content\/uploads\/2025\/06\/ALEJANDRA-LONG-SLEEVE-1502HAR_BWOD_H-719x1024.jpg ,https:\/\/unifa-fashion.com\/wp-content\/uploads\/2025\/06\/ALEJANDRA-LONG-SLEEVE-1502HAR_BWOD_H.jpg 780w, https:\/\/unifa-fashion.com\/wp-content\/uploads\/2025\/06\/ALEJANDRA-LONG-SLEEVE-1502HAR_BWOD_H.jpg 360w\" sizes=\"auto, (max-width: 480px) 150px\" src=\"https:\/\/unifa-fashion.com\/wp-content\/uploads\/2025\/06\/ALEJANDRA-LONG-SLEEVE-1502HAR_BWOD_H-719x1024.jpg\" alt=\"\" class=\"uag-image-18407\" width=\"719\" height=\"1024\" title=\"ALEJANDRA LONG SLEEVE-1502HAR_BWOD_H\" loading=\"lazy\" role=\"img\"\/><\/a><\/figure><\/div>\n\n\n\n<div style=\"height:100px\" aria-hidden=\"true\" class=\"wp-block-spacer\"><\/div>\n\n\n\n<div class=\"wp-block-group alignfull has-background-color\" style=\"margin-top:0;margin-bottom:0;padding-top:var(--wp--preset--spacing--50);padding-right:var(--wp--preset--spacing--30);padding-bottom:var(--wp--preset--spacing--50);padding-left:var(--wp--preset--spacing--30)\"><div class=\"wp-block-group__inner-container is-layout-flow wp-block-group-is-layout-flow\"><\/div><\/div>\n\n\n\n<p><\/p>\n\n\n\n<p><\/p>\n","protected":false},"excerpt":{"rendered":"<p>ABOUT NATION LTD Nation LTD&nbsp;ist eine zeitgem\u00e4\u00dfe Damenkollektion, die sich auf hochwertige, bequeme Basics, wie das T-Shirt spezialisiert hat. Das Brand wurde in Los Angeles &hellip; <\/p>\n","protected":false},"author":1,"featured_media":0,"parent":0,"menu_order":0,"comment_status":"closed","ping_status":"closed","template":"","meta":{"_uag_custom_page_level_css":"","kk_blocks_editor_width":"","_kiokenblocks_attr":"","_kiokenblocks_dimensions":"","footnotes":""},"class_list":["post-18186","page","type-page","status-publish","hentry"],"uagb_featured_image_src":{"full":false,"thumbnail":false,"medium":false,"medium_large":false,"large":false,"1536x1536":false,"2048x2048":false,"hello-fashion-slider":false,"hello-fashion-blog-three":false,"hello-fashion-blog-four":false,"vilva-slider-one":false,"vilva-featured-four":false,"vilva-blog":false,"vilva-blog-one":false,"vilva-sidebar":false,"awb_sm":false,"awb_md":false,"awb_lg":false,"awb_xl":false},"uagb_author_info":{"display_name":"admin","author_link":"https:\/\/unifa-fashion.com\/?author=1"},"uagb_comment_info":0,"uagb_excerpt":"ABOUT NATION LTD Nation LTD&nbsp;ist eine zeitgem\u00e4\u00dfe Damenkollektion, die sich auf hochwertige, bequeme Basics, wie das T-Shirt spezialisiert hat. Das Brand wurde in Los Angeles &hellip;","_links":{"self":[{"href":"https:\/\/unifa-fashion.com\/index.php?rest_route=\/wp\/v2\/pages\/18186","targetHints":{"allow":["GET"]}}],"collection":[{"href":"https:\/\/unifa-fashion.com\/index.php?rest_route=\/wp\/v2\/pages"}],"about":[{"href":"https:\/\/unifa-fashion.com\/index.php?rest_route=\/wp\/v2\/types\/page"}],"author":[{"embeddable":true,"href":"https:\/\/unifa-fashion.com\/index.php?rest_route=\/wp\/v2\/users\/1"}],"replies":[{"embeddable":true,"href":"https:\/\/unifa-fashion.com\/index.php?rest_route=%2Fwp%2Fv2%2Fcomments&post=18186"}],"version-history":[{"count":10,"href":"https:\/\/unifa-fashion.com\/index.php?rest_route=\/wp\/v2\/pages\/18186\/revisions"}],"predecessor-version":[{"id":18518,"href":"https:\/\/unifa-fashion.com\/index.php?rest_route=\/wp\/v2\/pages\/18186\/revisions\/18518"}],"wp:attachment":[{"href":"https:\/\/unifa-fashion.com\/index.php?rest_route=%2Fwp%2Fv2%2Fmedia&parent=18186"}],"curies":[{"name":"wp","href":"https:\/\/api.w.org\/{rel}","templated":true}]}}