{"id":18206,"date":"2025-06-11T14:52:09","date_gmt":"2025-06-11T12:52:09","guid":{"rendered":"https:\/\/unifa-fashion.com\/?page_id=18206"},"modified":"2026-01-21T14:30:44","modified_gmt":"2026-01-21T12:30:44","slug":"true-religion-2","status":"publish","type":"page","link":"https:\/\/unifa-fashion.com\/?page_id=18206","title":{"rendered":""},"content":{"rendered":"\n<div class=\"wp-block-group alignfull\" style=\"padding-top:var(--wp--preset--spacing--30);padding-right:var(--wp--preset--spacing--30);padding-bottom:var(--wp--preset--spacing--30);padding-left:var(--wp--preset--spacing--30)\"><div class=\"wp-block-group__inner-container is-layout-constrained wp-container-core-group-is-layout-97875daf wp-block-group-is-layout-constrained\"><\/div><\/div>\n\n\n\n\n\n<div class=\"wp-block-uagb-image uagb-block-8a004912 wp-block-uagb-image--layout-default wp-block-uagb-image--effect-static wp-block-uagb-image--align-none\"><figure class=\"wp-block-uagb-image__figure\"><a class=\"\" href=\"https:\/\/unifa-fashion.com\/wp-content\/uploads\/2024\/12\/Wordmark-To-Be-Used-At-Smaller-Sizes-scaled.jpg\" target=\"\" rel=\"noopener\"><img decoding=\"async\" srcset=\"https:\/\/unifa-fashion.com\/wp-content\/uploads\/2025\/06\/TRUE-LOGO-BLACK-1024x683.png ,https:\/\/unifa-fashion.com\/wp-content\/uploads\/2025\/06\/TRUE-LOGO-BLACK-scaled.png 780w, https:\/\/unifa-fashion.com\/wp-content\/uploads\/2025\/06\/TRUE-LOGO-BLACK-scaled.png 360w\" sizes=\"auto, (max-width: 480px) 150px\" src=\"https:\/\/unifa-fashion.com\/wp-content\/uploads\/2025\/06\/TRUE-LOGO-BLACK-1024x683.png\" alt=\"\" class=\"uag-image-18093\" width=\"793\" height=\"418\" title=\"TRUE LOGO BLACK\" loading=\"lazy\" role=\"img\"\/><\/a><\/figure><\/div>\n\n\n\n<div class=\"wp-block-group is-nowrap is-layout-flex wp-container-core-group-is-layout-ad2f72ca wp-block-group-is-layout-flex\"><\/div>\n\n\n\n<div class=\"wp-block-uagb-image uagb-block-ba7eb435 wp-block-uagb-image--layout-default wp-block-uagb-image--effect-static wp-block-uagb-image--align-none\"><figure class=\"wp-block-uagb-image__figure\"><a class=\"\" href=\"https:\/\/unifa-fashion.com\/wp-content\/uploads\/2024\/12\/Crush-x-Island-Issue-12-scaled.jpg\" target=\"\" rel=\"noopener\"><img decoding=\"async\" srcset=\"https:\/\/unifa-fashion.com\/wp-content\/uploads\/2025\/06\/DSC6391-683x1024.jpg ,https:\/\/unifa-fashion.com\/wp-content\/uploads\/2025\/06\/DSC6391-scaled.jpg 780w, https:\/\/unifa-fashion.com\/wp-content\/uploads\/2025\/06\/DSC6391-scaled.jpg 360w\" sizes=\"auto, (max-width: 480px) 150px\" src=\"https:\/\/unifa-fashion.com\/wp-content\/uploads\/2025\/06\/DSC6391-683x1024.jpg\" alt=\"\" class=\"uag-image-18299\" width=\"454\" height=\"681\" title=\"_DSC6391\" loading=\"lazy\" role=\"img\"\/><\/a><\/figure><\/div>\n\n\n\n<p><\/p>\n\n\n\n<div style=\"height:100px\" aria-hidden=\"true\" class=\"wp-block-spacer\"><\/div>\n\n\n\n<p class=\"has-text-align-center\">ABOUT <\/p>\n\n\n\n<div class=\"wp-block-uagb-advanced-heading uagb-block-f751c553\"><h2 class=\"uagb-heading-text\">TRUE RELIGION US <\/h2><p class=\"uagb-desc-text\">&nbsp;<br><strong>THE TRUE STORY: DIE NAHT, MIT DER ALLES BEGANN&nbsp;<\/strong><br>2002 gegr\u00fcndet, machte sich True Religion durch die Neuinterpretation der klassischen Five-Pocket Jeans in der Denim-Szene Los Angeles einen Namen. Industriestandard N\u00e4hmaschinen konnten unsere Designs nicht bew\u00e4ltigen, so entwickelten wir neue, einzigartige Ger\u00e4te, um unsere Vision von einer Jeans zu produzieren. Mit f\u00fcnf Nadelf\u00e4den, bei zwei Stichen pro Arbeitsvorgang, wurde unsere&nbsp;<strong>Super T&nbsp;<\/strong>sofort als Stil erkannt,&nbsp;<strong>der sich von alle anderen Denim-Marken in der Welt abgrenzte.<\/strong><br>Schon bald fanden die True Religion Styles weltweit Aufmerksamkeit bei Trendsetter und Celebrities; und die Nachfrage nach unserem Denim wuchs schnell. Von dort an begangen wir&nbsp;<strong>gr\u00f6\u00dfer, besser und noch mutiger als all die anderen zu sein<\/strong>.&nbsp;<br>Durch die Entwicklung unserer N\u00e4hte wurde True Religion zum Synonym f\u00fcr&nbsp;<strong>hochwertige Handwerkskunst&nbsp;<\/strong>im Denim-Bereich. Unsere besonderen Passformen, Waschungen und Aufbereitungen wurden alle mit zus\u00e4tzlichen Designs entworfen, um jede<strong>Aufmerksamkeit&nbsp;<\/strong>auf sich zu ziehen. W\u00e4hrend unsere Jeans von der 140-j\u00e4hrigen Geschichte des Denims inspiriert wurde, entstand unser sichtbares Hufeisen aus der Silhouette des Buddha-L\u00e4cheln heraus. Wir waren der Mode schon immer einen Schritt voraus, sogar von hinten.&nbsp;<br>Unsere Styles machen ihren Namen alle Ehre. Joey, Ricky, Halle, \u2026 Wie auch immer, es sind die \u00b4<strong>Fearless\u2018 Style Leader,&nbsp;<\/strong>die True Religion mit der&nbsp;<strong>\u00b4Be So Bold\u00b4&nbsp;<\/strong>Haltung zum Rocken bringen und die Welt mit ihren k\u00fchnen Aussagen des kreativen Selbstausdruckes entfachen. Wir wurden ber\u00fchmt, weil wir wie niemand vor uns waren. Was mit einem Faden begann, f\u00fchrt nun zu einer Zukunft von innovativer Mode,&nbsp;<strong>geschaffen von Mutigen f\u00fcr Mutige<\/strong>.<\/p><\/div>\n\n\n\n<p><\/p>\n\n\n\n<div style=\"height:49px\" aria-hidden=\"true\" class=\"wp-block-spacer\"><\/div>\n\n\n\n<p class=\"has-text-align-center\"><a href=\"https:\/\/www.truereligion.com\">https:\/\/www.truereligion.com<\/a><\/p>\n\n\n      \n\t\t\t<div class=\"uagb-icon-wrapper uagb-block-b2f9ba7e      \"\n\t\t\tstyle=\"\" >\n\t\t\t\t\t\t\t\t\t<span class=\"uagb-svg-wrapper\" \n\t\t\t\t\t aria-label=\"https:\/\/www.instagram.com\/truereligion\"\t\t\t\t\ttabindex=\"0\">\t\t\n\t\t\t\t\t\t\t\t\t\t<a rel=\"noopener noreferrer\" href=\"https:\/\/www.instagram.com\/truereligion\" target=\"_blank\"><svg xmlns=\"https:\/\/www.w3.org\/2000\/svg\" viewBox= \"0 0 448 512\" role=\"graphics-symbol\" aria-hidden=\"false\" aria-label=\"https:\/\/www.instagram.com\/truereligion\"><path d=\"M224.1 141c-63.6 0-114.9 51.3-114.9 114.9s51.3 114.9 114.9 114.9S339 319.5 339 255.9 287.7 141 224.1 141zm0 189.6c-41.1 0-74.7-33.5-74.7-74.7s33.5-74.7 74.7-74.7 74.7 33.5 74.7 74.7-33.6 74.7-74.7 74.7zm146.4-194.3c0 14.9-12 26.8-26.8 26.8-14.9 0-26.8-12-26.8-26.8s12-26.8 26.8-26.8 26.8 12 26.8 26.8zm76.1 27.2c-1.7-35.9-9.9-67.7-36.2-93.9-26.2-26.2-58-34.4-93.9-36.2-37-2.1-147.9-2.1-184.9 0-35.8 1.7-67.6 9.9-93.9 36.1s-34.4 58-36.2 93.9c-2.1 37-2.1 147.9 0 184.9 1.7 35.9 9.9 67.7 36.2 93.9s58 34.4 93.9 36.2c37 2.1 147.9 2.1 184.9 0 35.9-1.7 67.7-9.9 93.9-36.2 26.2-26.2 34.4-58 36.2-93.9 2.1-37 2.1-147.8 0-184.8zM398.8 388c-7.8 19.6-22.9 34.7-42.6 42.6-29.5 11.7-99.5 9-132.1 9s-102.7 2.6-132.1-9c-19.6-7.8-34.7-22.9-42.6-42.6-11.7-29.5-9-99.5-9-132.1s-2.6-102.7 9-132.1c7.8-19.6 22.9-34.7 42.6-42.6 29.5-11.7 99.5-9 132.1-9s102.7-2.6 132.1 9c19.6 7.8 34.7 22.9 42.6 42.6 11.7 29.5 9 99.5 9 132.1s2.7 102.7-9 132.1z\"><\/path><\/svg><\/a>\n\t\t\t\t\t\t\t\t\t<\/span>\n\t\t\t\t\t\t\t<\/div>\n\t\t\t\n\n\n<div style=\"height:80px\" aria-hidden=\"true\" class=\"wp-block-spacer\"><\/div>\n\n\n\n<div class=\"wp-block-uagb-separator uagb-block-796149ac\"><div class=\"wp-block-uagb-separator__inner\" style=\"--my-background-image:\"><\/div><\/div>\n\n\n\n<div style=\"height:50px\" aria-hidden=\"true\" class=\"wp-block-spacer\"><\/div>\n\n\n\n<div class=\"wp-block-uagb-advanced-heading uagb-block-55ffb60d\"><h2 class=\"uagb-heading-text\">AGENT DACH<\/h2><p class=\"uagb-desc-text\"><a href=\"https:\/\/themad.agency\/\" data-type=\"link\" data-id=\"https:\/\/themad.agency\/\"><\/a><a href=\"https:\/\/themad.agency\/\" data-type=\"link\" data-id=\"https:\/\/themad.agency\/\">THE MAD AGENCY <\/a><\/p><\/div>\n\n\n\n<p class=\"has-text-align-center\">SALES MANAGER | ROBEL ABRAHAM&nbsp; | &nbsp;RA@THEMAD.AGENCY | +49 152 2777 1110<\/p>\n\n\n\n<p class=\"has-text-align-center\"><\/p>\n\n\n      \n\t\t\t<div class=\"uagb-icon-wrapper uagb-block-ffd043c3      \"\n\t\t\tstyle=\"\" >\n\t\t\t\t\t\t\t\t\t<span class=\"uagb-svg-wrapper\" \n\t\t\t\t\t aria-label=\"https:\/\/www.instagram.com\/themad.agency\/\"\t\t\t\t\ttabindex=\"0\">\t\t\n\t\t\t\t\t\t\t\t\t\t<a rel=\"noopener noreferrer\" href=\"https:\/\/www.instagram.com\/themad.agency\/\" target=\"_blank\"><svg xmlns=\"https:\/\/www.w3.org\/2000\/svg\" viewBox= \"0 0 448 512\" role=\"graphics-symbol\" aria-hidden=\"false\" aria-label=\"https:\/\/www.instagram.com\/themad.agency\/\"><path d=\"M224.1 141c-63.6 0-114.9 51.3-114.9 114.9s51.3 114.9 114.9 114.9S339 319.5 339 255.9 287.7 141 224.1 141zm0 189.6c-41.1 0-74.7-33.5-74.7-74.7s33.5-74.7 74.7-74.7 74.7 33.5 74.7 74.7-33.6 74.7-74.7 74.7zm146.4-194.3c0 14.9-12 26.8-26.8 26.8-14.9 0-26.8-12-26.8-26.8s12-26.8 26.8-26.8 26.8 12 26.8 26.8zm76.1 27.2c-1.7-35.9-9.9-67.7-36.2-93.9-26.2-26.2-58-34.4-93.9-36.2-37-2.1-147.9-2.1-184.9 0-35.8 1.7-67.6 9.9-93.9 36.1s-34.4 58-36.2 93.9c-2.1 37-2.1 147.9 0 184.9 1.7 35.9 9.9 67.7 36.2 93.9s58 34.4 93.9 36.2c37 2.1 147.9 2.1 184.9 0 35.9-1.7 67.7-9.9 93.9-36.2 26.2-26.2 34.4-58 36.2-93.9 2.1-37 2.1-147.8 0-184.8zM398.8 388c-7.8 19.6-22.9 34.7-42.6 42.6-29.5 11.7-99.5 9-132.1 9s-102.7 2.6-132.1-9c-19.6-7.8-34.7-22.9-42.6-42.6-11.7-29.5-9-99.5-9-132.1s-2.6-102.7 9-132.1c7.8-19.6 22.9-34.7 42.6-42.6 29.5-11.7 99.5-9 132.1-9s102.7-2.6 132.1 9c19.6 7.8 34.7 22.9 42.6 42.6 11.7 29.5 9 99.5 9 132.1s2.7 102.7-9 132.1z\"><\/path><\/svg><\/a>\n\t\t\t\t\t\t\t\t\t<\/span>\n\t\t\t\t\t\t\t<\/div>\n\t\t\t\n\n\n<div style=\"height:50px\" aria-hidden=\"true\" class=\"wp-block-spacer\"><\/div>\n\n\n\n<div class=\"wp-block-uagb-separator uagb-block-67076fac\"><div class=\"wp-block-uagb-separator__inner\" style=\"--my-background-image:\"><\/div><\/div>\n\n\n\n<div style=\"height:50px\" aria-hidden=\"true\" class=\"wp-block-spacer\"><\/div>\n\n\n\n<p><\/p>\n\n\n\n<div class=\"wp-block-uagb-advanced-heading uagb-block-db6a528a\"><h2 class=\"uagb-heading-text\">AGENT BENELUX<\/h2><p class=\"uagb-desc-text\"><a href=\"https:\/\/www.22statement.com\/\" data-type=\"link\" data-id=\"https:\/\/www.22statement.com\/\">22STATEMENT<\/a><\/p><\/div>\n\n\n\n<p class=\"has-text-align-center\">SALES MANAGER | WILLIAM BURNAMA&nbsp; | WILLIAM@22STATEMENT.COM <\/p>\n\n\n\n<p><\/p>\n\n\n      \n\t\t\t<div class=\"uagb-icon-wrapper uagb-block-ab4bfb6d      \"\n\t\t\tstyle=\"\" >\n\t\t\t\t\t\t\t\t\t<span class=\"uagb-svg-wrapper\" \n\t\t\t\t\t aria-label=\"https:\/\/www.instagram.com\/22statement\"\t\t\t\t\ttabindex=\"0\">\t\t\n\t\t\t\t\t\t\t\t\t\t<a rel=\"noopener noreferrer\" href=\"https:\/\/www.instagram.com\/themad.agency\/\" target=\"_blank\"><svg xmlns=\"https:\/\/www.w3.org\/2000\/svg\" viewBox= \"0 0 448 512\" role=\"graphics-symbol\" aria-hidden=\"false\" aria-label=\"https:\/\/www.instagram.com\/22statement\"><path d=\"M224.1 141c-63.6 0-114.9 51.3-114.9 114.9s51.3 114.9 114.9 114.9S339 319.5 339 255.9 287.7 141 224.1 141zm0 189.6c-41.1 0-74.7-33.5-74.7-74.7s33.5-74.7 74.7-74.7 74.7 33.5 74.7 74.7-33.6 74.7-74.7 74.7zm146.4-194.3c0 14.9-12 26.8-26.8 26.8-14.9 0-26.8-12-26.8-26.8s12-26.8 26.8-26.8 26.8 12 26.8 26.8zm76.1 27.2c-1.7-35.9-9.9-67.7-36.2-93.9-26.2-26.2-58-34.4-93.9-36.2-37-2.1-147.9-2.1-184.9 0-35.8 1.7-67.6 9.9-93.9 36.1s-34.4 58-36.2 93.9c-2.1 37-2.1 147.9 0 184.9 1.7 35.9 9.9 67.7 36.2 93.9s58 34.4 93.9 36.2c37 2.1 147.9 2.1 184.9 0 35.9-1.7 67.7-9.9 93.9-36.2 26.2-26.2 34.4-58 36.2-93.9 2.1-37 2.1-147.8 0-184.8zM398.8 388c-7.8 19.6-22.9 34.7-42.6 42.6-29.5 11.7-99.5 9-132.1 9s-102.7 2.6-132.1-9c-19.6-7.8-34.7-22.9-42.6-42.6-11.7-29.5-9-99.5-9-132.1s-2.6-102.7 9-132.1c7.8-19.6 22.9-34.7 42.6-42.6 29.5-11.7 99.5-9 132.1-9s102.7-2.6 132.1 9c19.6 7.8 34.7 22.9 42.6 42.6 11.7 29.5 9 99.5 9 132.1s2.7 102.7-9 132.1z\"><\/path><\/svg><\/a>\n\t\t\t\t\t\t\t\t\t<\/span>\n\t\t\t\t\t\t\t<\/div>\n\t\t\t\n\n\n<div style=\"height:50px\" aria-hidden=\"true\" class=\"wp-block-spacer\"><\/div>\n\n\n\n<div class=\"wp-block-uagb-separator uagb-block-182af0f7\"><div class=\"wp-block-uagb-separator__inner\" style=\"--my-background-image:\"><\/div><\/div>\n\n\n\n<p><\/p>\n\n\n\n<div style=\"height:50px\" aria-hidden=\"true\" class=\"wp-block-spacer\"><\/div>\n\n\n\n<p class=\"has-text-align-center\">PR | NICOLE-BEATRICE HUBERT | NICOLE@UNIFAFASHION.COM<\/p>\n\n\n\n<div style=\"height:100px\" aria-hidden=\"true\" class=\"wp-block-spacer\"><\/div>\n\n\n\n<p><\/p>\n\n\n\n<p><\/p>\n\n\n\n<div class=\"wp-block-uagb-image uagb-block-064eb237 wp-block-uagb-image--layout-default wp-block-uagb-image--effect-static wp-block-uagb-image--align-none\"><figure class=\"wp-block-uagb-image__figure\"><a class=\"\" href=\"https:\/\/unifa-fashion.com\/wp-content\/uploads\/2025\/06\/20231002_00406-scaled.jpg\" target=\"\" rel=\"noopener\"><img decoding=\"async\" srcset=\"https:\/\/unifa-fashion.com\/wp-content\/uploads\/2025\/06\/DSC6934-683x1024.jpg ,https:\/\/unifa-fashion.com\/wp-content\/uploads\/2025\/06\/DSC6934-scaled.jpg 780w, https:\/\/unifa-fashion.com\/wp-content\/uploads\/2025\/06\/DSC6934-scaled.jpg 360w\" sizes=\"auto, (max-width: 480px) 150px\" src=\"https:\/\/unifa-fashion.com\/wp-content\/uploads\/2025\/06\/DSC6934-683x1024.jpg\" alt=\"\" class=\"uag-image-18300\" width=\"683\" height=\"1024\" title=\"_DSC6934\" loading=\"lazy\" role=\"img\"\/><\/a><\/figure><\/div>\n\n\n\n<div style=\"height:100px\" aria-hidden=\"true\" class=\"wp-block-spacer\"><\/div>\n\n\n\n<div class=\"wp-block-group alignfull has-background-color\" style=\"margin-top:0;margin-bottom:0;padding-top:var(--wp--preset--spacing--50);padding-right:var(--wp--preset--spacing--30);padding-bottom:var(--wp--preset--spacing--50);padding-left:var(--wp--preset--spacing--30)\"><div class=\"wp-block-group__inner-container is-layout-flow wp-block-group-is-layout-flow\"><\/div><\/div>\n\n\n\n<p><\/p>\n\n\n\n<p><\/p>\n","protected":false},"excerpt":{"rendered":"<p>ABOUT TRUE RELIGION US &nbsp;THE TRUE STORY: DIE NAHT, MIT DER ALLES BEGANN&nbsp;2002 gegr\u00fcndet, machte sich True Religion durch die Neuinterpretation der klassischen Five-Pocket Jeans &hellip; <\/p>\n","protected":false},"author":1,"featured_media":0,"parent":0,"menu_order":0,"comment_status":"closed","ping_status":"closed","template":"","meta":{"_uag_custom_page_level_css":"","kk_blocks_editor_width":"","_kiokenblocks_attr":"","_kiokenblocks_dimensions":"","footnotes":""},"class_list":["post-18206","page","type-page","status-publish","hentry"],"uagb_featured_image_src":{"full":false,"thumbnail":false,"medium":false,"medium_large":false,"large":false,"1536x1536":false,"2048x2048":false,"hello-fashion-slider":false,"hello-fashion-blog-three":false,"hello-fashion-blog-four":false,"vilva-slider-one":false,"vilva-featured-four":false,"vilva-blog":false,"vilva-blog-one":false,"vilva-sidebar":false,"awb_sm":false,"awb_md":false,"awb_lg":false,"awb_xl":false},"uagb_author_info":{"display_name":"admin","author_link":"https:\/\/unifa-fashion.com\/?author=1"},"uagb_comment_info":0,"uagb_excerpt":"ABOUT TRUE RELIGION US &nbsp;THE TRUE STORY: DIE NAHT, MIT DER ALLES BEGANN&nbsp;2002 gegr\u00fcndet, machte sich True Religion durch die Neuinterpretation der klassischen Five-Pocket Jeans &hellip;","_links":{"self":[{"href":"https:\/\/unifa-fashion.com\/index.php?rest_route=\/wp\/v2\/pages\/18206","targetHints":{"allow":["GET"]}}],"collection":[{"href":"https:\/\/unifa-fashion.com\/index.php?rest_route=\/wp\/v2\/pages"}],"about":[{"href":"https:\/\/unifa-fashion.com\/index.php?rest_route=\/wp\/v2\/types\/page"}],"author":[{"embeddable":true,"href":"https:\/\/unifa-fashion.com\/index.php?rest_route=\/wp\/v2\/users\/1"}],"replies":[{"embeddable":true,"href":"https:\/\/unifa-fashion.com\/index.php?rest_route=%2Fwp%2Fv2%2Fcomments&post=18206"}],"version-history":[{"count":16,"href":"https:\/\/unifa-fashion.com\/index.php?rest_route=\/wp\/v2\/pages\/18206\/revisions"}],"predecessor-version":[{"id":18662,"href":"https:\/\/unifa-fashion.com\/index.php?rest_route=\/wp\/v2\/pages\/18206\/revisions\/18662"}],"wp:attachment":[{"href":"https:\/\/unifa-fashion.com\/index.php?rest_route=%2Fwp%2Fv2%2Fmedia&parent=18206"}],"curies":[{"name":"wp","href":"https:\/\/api.w.org\/{rel}","templated":true}]}}