{"id":18213,"date":"2025-06-11T15:54:20","date_gmt":"2025-06-11T13:54:20","guid":{"rendered":"https:\/\/unifa-fashion.com\/?page_id=18213"},"modified":"2025-12-04T01:44:12","modified_gmt":"2025-12-03T23:44:12","slug":"moussy","status":"publish","type":"page","link":"https:\/\/unifa-fashion.com\/?page_id=18213","title":{"rendered":"MOUSSY VINTAGE"},"content":{"rendered":"\n<div class=\"wp-block-group alignfull\" style=\"padding-top:var(--wp--preset--spacing--30);padding-right:var(--wp--preset--spacing--30);padding-bottom:var(--wp--preset--spacing--30);padding-left:var(--wp--preset--spacing--30)\"><div class=\"wp-block-group__inner-container is-layout-constrained wp-container-core-group-is-layout-97875daf wp-block-group-is-layout-constrained\"><\/div><\/div>\n\n\n\n<p><\/p>\n\n\n\n<div class=\"wp-block-uagb-image uagb-block-8a004912 wp-block-uagb-image--layout-default wp-block-uagb-image--effect-static wp-block-uagb-image--align-none\"><figure class=\"wp-block-uagb-image__figure\"><a class=\"\" href=\"https:\/\/unifa-fashion.com\/wp-content\/uploads\/2024\/07\/moussy_logo.png\" target=\"\" rel=\"noopener\"><img decoding=\"async\" srcset=\"https:\/\/unifa-fashion.com\/wp-content\/uploads\/2024\/07\/moussy_logo.png ,https:\/\/unifa-fashion.com\/wp-content\/uploads\/2024\/07\/moussy_logo.png 780w, https:\/\/unifa-fashion.com\/wp-content\/uploads\/2024\/07\/moussy_logo.png 360w\" sizes=\"auto, (max-width: 480px) 150px\" src=\"https:\/\/unifa-fashion.com\/wp-content\/uploads\/2024\/07\/moussy_logo.png\" alt=\"\" class=\"uag-image-17789\" width=\"692\" height=\"114\" title=\"moussy_logo\" loading=\"lazy\" role=\"img\"\/><\/a><\/figure><\/div>\n\n\n\n<div class=\"wp-block-group is-nowrap is-layout-flex wp-container-core-group-is-layout-ad2f72ca wp-block-group-is-layout-flex\"><\/div>\n\n\n\n<div style=\"height:100px\" aria-hidden=\"true\" class=\"wp-block-spacer\"><\/div>\n\n\n\n<div class=\"wp-block-uagb-image uagb-block-ba7eb435 wp-block-uagb-image--layout-default wp-block-uagb-image--effect-static wp-block-uagb-image--align-none\"><figure class=\"wp-block-uagb-image__figure\"><a class=\"\" href=\"https:\/\/unifa-fashion.com\/wp-content\/uploads\/2025\/12\/moussy_2-4.jpg\" target=\"\" rel=\"noopener\"><img decoding=\"async\" srcset=\"https:\/\/unifa-fashion.com\/wp-content\/uploads\/2025\/12\/moussy_2-4-819x1024.jpg ,https:\/\/unifa-fashion.com\/wp-content\/uploads\/2025\/12\/moussy_2-4.jpg 780w, https:\/\/unifa-fashion.com\/wp-content\/uploads\/2025\/12\/moussy_2-4.jpg 360w\" sizes=\"auto, (max-width: 480px) 150px\" src=\"https:\/\/unifa-fashion.com\/wp-content\/uploads\/2025\/12\/moussy_2-4-819x1024.jpg\" alt=\"\" class=\"uag-image-18634\" width=\"503\" height=\"629\" title=\"moussy_2\" loading=\"lazy\" role=\"img\"\/><\/a><\/figure><\/div>\n\n\n\n<p><\/p>\n\n\n\n<div style=\"height:100px\" aria-hidden=\"true\" class=\"wp-block-spacer\"><\/div>\n\n\n\n<p class=\"has-text-align-center\">ABOUT <\/p>\n\n\n\n<div class=\"wp-block-uagb-advanced-heading uagb-block-f751c553\"><h2 class=\"uagb-heading-text\">MOUSSY VINTAGE<\/h2><p class=\"uagb-desc-text\"><strong>MOUSSY Vintage: Hochwertige Handwerkskunst und nachhaltige Mode aus Japan<\/strong><br>MOUSSY Vintage ist eine namhafte Brand, die sich durch exklusive Verarbeitung und eine unverwechselbare Vintage-\u00c4sthetik im Premium-Denim-Segment etabliert hat. Das in Japan gegr\u00fcndete Label, kombiniert l\u00e4ssige Eleganz mit einem Hauch von Vintage-Charme. Ziel hier ist, einen neuen Look f\u00fcr modebewusste Frauen zu schaffen, die Wert auf Individualit\u00e4t und h\u00f6chste Qualit\u00e4t legen.<br>Seit der Gr\u00fcndung im Jahr 2000 interpretiert die Marke aus Tokio das Konzept vom Used-Look neu. Jedes St\u00fcck wird mit Liebe zum Detail entworfen und gefertigt, um sowohl Stil als auch Komfort zu gew\u00e4hrleisten. Durch dieses Zusammenspiel gilt MOUSSY Vintage seit langem als Geheimtipp f\u00fcr alle, die authentischen Denim und anspruchsvolles Design sch\u00e4tzen. Kunstvoll wird darauf geachtet, \u00f6kologische Herstellung und traditionelle Handwerkskunst zu kombinieren.<br>Neben der Verarbeitung und Qualit\u00e4t legt MOUSSY Vintage gro\u00dfen Wert auf Nachhaltigkeit \u2013 ein Grundpfeiler der Marke. Die Denim Brand strebt danach, langlebige Produkte zu schaffen, die nicht nur gut aussehen, sondern auch verantwortungsbewusst hergestellt werden. Die wichtigsten Elemente sind dabei umweltfreundliche Materialien wie biologisch abbaubare Fasern, recycelte Stoffe und nachhaltige Produktionstechniken sowie faire Arbeitsbedingungen. Alles ohne Green Washing, um den \u00f6kologischen Fu\u00dfabdruck wirklich zu minimieren.<br>Die Kollektionen zeichnen sich durch ihre Vielseitigkeit aus und lassen sich leicht in verschiedene Outfits integrieren. Sowohl f\u00fcr den Alltag als auch f\u00fcr das B\u00fcro oder besondere Anl\u00e4sse ist MOUSSY Vintage perfekt geeignet.<\/p><\/div>\n\n\n\n<p><\/p>\n\n\n\n<div style=\"height:49px\" aria-hidden=\"true\" class=\"wp-block-spacer\"><\/div>\n\n\n\n<p class=\"has-text-align-center\"><a href=\"https:\/\/moussy-global.com\">https:\/\/moussy-global.com<\/a><\/p>\n\n\n      \n\t\t\t<div class=\"uagb-icon-wrapper uagb-block-b2f9ba7e      \"\n\t\t\tstyle=\"\" >\n\t\t\t\t\t\t\t\t\t<span class=\"uagb-svg-wrapper\" \n\t\t\t\t\t aria-label=\"https:\/\/www.instagram.com\/moussyvintage\"\t\t\t\t\ttabindex=\"0\">\t\t\n\t\t\t\t\t\t\t\t\t\t<a rel=\"noopener noreferrer\" href=\"https:\/\/www.instagram.com\/moussyvintage\" target=\"_blank\"><svg xmlns=\"https:\/\/www.w3.org\/2000\/svg\" viewBox= \"0 0 448 512\" role=\"graphics-symbol\" aria-hidden=\"false\" aria-label=\"https:\/\/www.instagram.com\/moussyvintage\"><path d=\"M224.1 141c-63.6 0-114.9 51.3-114.9 114.9s51.3 114.9 114.9 114.9S339 319.5 339 255.9 287.7 141 224.1 141zm0 189.6c-41.1 0-74.7-33.5-74.7-74.7s33.5-74.7 74.7-74.7 74.7 33.5 74.7 74.7-33.6 74.7-74.7 74.7zm146.4-194.3c0 14.9-12 26.8-26.8 26.8-14.9 0-26.8-12-26.8-26.8s12-26.8 26.8-26.8 26.8 12 26.8 26.8zm76.1 27.2c-1.7-35.9-9.9-67.7-36.2-93.9-26.2-26.2-58-34.4-93.9-36.2-37-2.1-147.9-2.1-184.9 0-35.8 1.7-67.6 9.9-93.9 36.1s-34.4 58-36.2 93.9c-2.1 37-2.1 147.9 0 184.9 1.7 35.9 9.9 67.7 36.2 93.9s58 34.4 93.9 36.2c37 2.1 147.9 2.1 184.9 0 35.9-1.7 67.7-9.9 93.9-36.2 26.2-26.2 34.4-58 36.2-93.9 2.1-37 2.1-147.8 0-184.8zM398.8 388c-7.8 19.6-22.9 34.7-42.6 42.6-29.5 11.7-99.5 9-132.1 9s-102.7 2.6-132.1-9c-19.6-7.8-34.7-22.9-42.6-42.6-11.7-29.5-9-99.5-9-132.1s-2.6-102.7 9-132.1c7.8-19.6 22.9-34.7 42.6-42.6 29.5-11.7 99.5-9 132.1-9s102.7-2.6 132.1 9c19.6 7.8 34.7 22.9 42.6 42.6 11.7 29.5 9 99.5 9 132.1s2.7 102.7-9 132.1z\"><\/path><\/svg><\/a>\n\t\t\t\t\t\t\t\t\t<\/span>\n\t\t\t\t\t\t\t<\/div>\n\t\t\t\n\n\n<div style=\"height:80px\" aria-hidden=\"true\" class=\"wp-block-spacer\"><\/div>\n\n\n\n<div class=\"wp-block-uagb-separator uagb-block-796149ac\"><div class=\"wp-block-uagb-separator__inner\" style=\"--my-background-image:\"><\/div><\/div>\n\n\n\n<div style=\"height:50px\" aria-hidden=\"true\" class=\"wp-block-spacer\"><\/div>\n\n\n\n<div class=\"wp-block-uagb-advanced-heading uagb-block-55ffb60d\"><h2 class=\"uagb-heading-text\">DISTRIBUTION <\/h2><p class=\"uagb-desc-text\"><a href=\"https:\/\/themad.agency\/\" data-type=\"link\" data-id=\"https:\/\/themad.agency\/\">UNIFA GMBH<\/a><\/p><\/div>\n\n\n      \n\t\t\t<div class=\"uagb-icon-wrapper uagb-block-e6e8a787      \"\n\t\t\tstyle=\"\" >\n\t\t\t\t\t\t\t\t\t<span class=\"uagb-svg-wrapper\" \n\t\t\t\t\t aria-label=\"https:\/\/www.instagram.com\/unifa_fashion\/?hl=en\"\t\t\t\t\ttabindex=\"0\">\t\t\n\t\t\t\t\t\t\t\t\t\t<a rel=\"noopener noreferrer\" href=\"https:\/\/www.instagram.com\/unifa_fashion\/?hl=en\" target=\"_blank\"><svg xmlns=\"https:\/\/www.w3.org\/2000\/svg\" viewBox= \"0 0 448 512\" role=\"graphics-symbol\" aria-hidden=\"false\" aria-label=\"https:\/\/www.instagram.com\/unifa_fashion\/?hl=en\"><path d=\"M224.1 141c-63.6 0-114.9 51.3-114.9 114.9s51.3 114.9 114.9 114.9S339 319.5 339 255.9 287.7 141 224.1 141zm0 189.6c-41.1 0-74.7-33.5-74.7-74.7s33.5-74.7 74.7-74.7 74.7 33.5 74.7 74.7-33.6 74.7-74.7 74.7zm146.4-194.3c0 14.9-12 26.8-26.8 26.8-14.9 0-26.8-12-26.8-26.8s12-26.8 26.8-26.8 26.8 12 26.8 26.8zm76.1 27.2c-1.7-35.9-9.9-67.7-36.2-93.9-26.2-26.2-58-34.4-93.9-36.2-37-2.1-147.9-2.1-184.9 0-35.8 1.7-67.6 9.9-93.9 36.1s-34.4 58-36.2 93.9c-2.1 37-2.1 147.9 0 184.9 1.7 35.9 9.9 67.7 36.2 93.9s58 34.4 93.9 36.2c37 2.1 147.9 2.1 184.9 0 35.9-1.7 67.7-9.9 93.9-36.2 26.2-26.2 34.4-58 36.2-93.9 2.1-37 2.1-147.8 0-184.8zM398.8 388c-7.8 19.6-22.9 34.7-42.6 42.6-29.5 11.7-99.5 9-132.1 9s-102.7 2.6-132.1-9c-19.6-7.8-34.7-22.9-42.6-42.6-11.7-29.5-9-99.5-9-132.1s-2.6-102.7 9-132.1c7.8-19.6 22.9-34.7 42.6-42.6 29.5-11.7 99.5-9 132.1-9s102.7-2.6 132.1 9c19.6 7.8 34.7 22.9 42.6 42.6 11.7 29.5 9 99.5 9 132.1s2.7 102.7-9 132.1z\"><\/path><\/svg><\/a>\n\t\t\t\t\t\t\t\t\t<\/span>\n\t\t\t\t\t\t\t<\/div>\n\t\t\t\n\n\n<p class=\"has-text-align-center\"><br>SILVIA WESTERHAUSEN \u2028+49(0) 163 580 88 66 \/&nbsp;<a href=\"mailto:S.WESTERHAUSEN@UNIFAFASHION.COM\"><strong>S.WESTERHAUSEN@UNIFAFASHION.COM<\/strong><\/a><\/p>\n\n\n\n<div style=\"height:100px\" aria-hidden=\"true\" class=\"wp-block-spacer\"><\/div>\n\n\n\n<p><\/p>\n\n\n\n<p><\/p>\n\n\n\n<div class=\"wp-block-uagb-image uagb-block-064eb237 wp-block-uagb-image--layout-default wp-block-uagb-image--effect-static wp-block-uagb-image--align-none\"><figure class=\"wp-block-uagb-image__figure\"><a class=\"\" href=\"https:\/\/unifa-fashion.com\/wp-content\/uploads\/2025\/12\/moussy_3-3.jpg\" target=\"\" rel=\"noopener\"><img decoding=\"async\" srcset=\"https:\/\/unifa-fashion.com\/wp-content\/uploads\/2025\/12\/moussy_3-3-819x1024.jpg ,https:\/\/unifa-fashion.com\/wp-content\/uploads\/2025\/12\/moussy_3-3.jpg 780w, https:\/\/unifa-fashion.com\/wp-content\/uploads\/2025\/12\/moussy_3-3.jpg 360w\" sizes=\"auto, (max-width: 480px) 150px\" src=\"https:\/\/unifa-fashion.com\/wp-content\/uploads\/2025\/12\/moussy_3-3-819x1024.jpg\" alt=\"\" class=\"uag-image-18635\" width=\"5368\" height=\"8048\" title=\"moussy_3\" loading=\"lazy\" role=\"img\"\/><\/a><\/figure><\/div>\n\n\n\n<div style=\"height:100px\" aria-hidden=\"true\" class=\"wp-block-spacer\"><\/div>\n\n\n\n<div class=\"wp-block-group alignfull has-background-color\" style=\"margin-top:0;margin-bottom:0;padding-top:var(--wp--preset--spacing--50);padding-right:var(--wp--preset--spacing--30);padding-bottom:var(--wp--preset--spacing--50);padding-left:var(--wp--preset--spacing--30)\"><div class=\"wp-block-group__inner-container is-layout-flow wp-block-group-is-layout-flow\"><\/div><\/div>\n\n\n\n<p><\/p>\n\n\n\n<p><\/p>\n","protected":false},"excerpt":{"rendered":"<p>ABOUT MOUSSY VINTAGE MOUSSY Vintage: Hochwertige Handwerkskunst und nachhaltige Mode aus JapanMOUSSY Vintage ist eine namhafte Brand, die sich durch exklusive Verarbeitung und eine unverwechselbare &hellip; <\/p>\n","protected":false},"author":1,"featured_media":0,"parent":0,"menu_order":0,"comment_status":"closed","ping_status":"closed","template":"","meta":{"_uag_custom_page_level_css":"","kk_blocks_editor_width":"","_kiokenblocks_attr":"","_kiokenblocks_dimensions":"","footnotes":""},"class_list":["post-18213","page","type-page","status-publish","hentry"],"uagb_featured_image_src":{"full":false,"thumbnail":false,"medium":false,"medium_large":false,"large":false,"1536x1536":false,"2048x2048":false,"hello-fashion-slider":false,"hello-fashion-blog-three":false,"hello-fashion-blog-four":false,"vilva-slider-one":false,"vilva-featured-four":false,"vilva-blog":false,"vilva-blog-one":false,"vilva-sidebar":false,"awb_sm":false,"awb_md":false,"awb_lg":false,"awb_xl":false},"uagb_author_info":{"display_name":"admin","author_link":"https:\/\/unifa-fashion.com\/?author=1"},"uagb_comment_info":0,"uagb_excerpt":"ABOUT MOUSSY VINTAGE MOUSSY Vintage: Hochwertige Handwerkskunst und nachhaltige Mode aus JapanMOUSSY Vintage ist eine namhafte Brand, die sich durch exklusive Verarbeitung und eine unverwechselbare &hellip;","_links":{"self":[{"href":"https:\/\/unifa-fashion.com\/index.php?rest_route=\/wp\/v2\/pages\/18213","targetHints":{"allow":["GET"]}}],"collection":[{"href":"https:\/\/unifa-fashion.com\/index.php?rest_route=\/wp\/v2\/pages"}],"about":[{"href":"https:\/\/unifa-fashion.com\/index.php?rest_route=\/wp\/v2\/types\/page"}],"author":[{"embeddable":true,"href":"https:\/\/unifa-fashion.com\/index.php?rest_route=\/wp\/v2\/users\/1"}],"replies":[{"embeddable":true,"href":"https:\/\/unifa-fashion.com\/index.php?rest_route=%2Fwp%2Fv2%2Fcomments&post=18213"}],"version-history":[{"count":9,"href":"https:\/\/unifa-fashion.com\/index.php?rest_route=\/wp\/v2\/pages\/18213\/revisions"}],"predecessor-version":[{"id":18653,"href":"https:\/\/unifa-fashion.com\/index.php?rest_route=\/wp\/v2\/pages\/18213\/revisions\/18653"}],"wp:attachment":[{"href":"https:\/\/unifa-fashion.com\/index.php?rest_route=%2Fwp%2Fv2%2Fmedia&parent=18213"}],"curies":[{"name":"wp","href":"https:\/\/api.w.org\/{rel}","templated":true}]}}