{"id":7243,"date":"2014-11-05T13:02:34","date_gmt":"2014-11-05T11:02:34","guid":{"rendered":"http:\/\/wp.unifa-fashion.com\/wordpress\/?page_id=7243"},"modified":"2025-08-11T10:09:40","modified_gmt":"2025-08-11T08:09:40","slug":"homepage","status":"publish","type":"page","link":"https:\/\/unifa-fashion.com\/?page_id=7243","title":{"rendered":"ABOUT US"},"content":{"rendered":"<p style=\"font-weight: 400;\">UNIFA ist Agentur, Distributor und Lizenzpartner.<\/p>\n<p style=\"font-weight: 400;\">Mit \u00fcber zwei Jahrzehnte Branchenerfahrung verstehen wir uns als verl\u00e4ssliche Schnittstelle zwischen Industrie und Handel \u2013 leidenschaftlich, authentisch und zukunftsorientiert.\u00a0<\/p>\n<p style=\"font-weight: 400;\">Unser internationales Markenportfolio vereint vielf\u00e4ltige Markenrichtungen \u2013 mit besonderem Fokus auf hochwertiger Denimwear und einer ausgewiesenen Expertise im Bereich US-Denim-Brands.<\/p>\n<p style=\"font-weight: 400;\"><strong>Unser Portfolio\/Service:<\/strong><\/p>\n<p style=\"font-weight: 400;\">Distribution f\u00fcr nationale und internationale M\u00e4rkte und Brands<\/p>\n<p style=\"font-weight: 400;\">Design &amp; Entwicklung moderner Modekollektionen<\/p>\n<p style=\"font-weight: 400;\">Customer Service<\/p>\n<p style=\"font-weight: 400;\">PR &amp; Marketing<\/p>\n<p><strong><span lang=\"EN-US\">Showroom Location\u00a0\u00a0\u00a0\u00a0\u00a0\u00a0\u00a0\u00a0\u00a0\u00a0\u00a0\u00a0\u00a0\u00a0\u00a0\u00a0\u00a0\u00a0\u00a0\u00a0\u00a0\u00a0\u00a0\u00a0\u00a0\u00a0\u00a0\u00a0\u00a0\u00a0\u00a0\u00a0\u00a0\u00a0\u00a0\u00a0\u00a0\u00a0\u00a0\u00a0\u00a0\u00a0 \u00a0\u00a0\u00a0\u00a0\u00a0\u00a0\u00a0\u00a0\u00a0\u00a0\u00a0\u00a0\u00a0\u00a0\u00a0\u00a0\u00a0\u00a0\u00a0\u00a0\u00a0\u00a0\u00a0\u00a0\u00a0<\/span><\/strong><span lang=\"EN-US\"><br \/>Kaiserswertherstr. 117-119 | D-40474 D\u00fcsseldorf<\/span><\/p>\n<p><strong>UNIFA Gruppe<\/strong><br \/>Headquarter<\/p>\n<p>Gesch\u00e4ftsf\u00fchrer: Reinhard Haase, Evelyn Hammerstr\u00f6m<br \/>Gro\u00dfenbaumer Weg 11 | D-40472 D\u00fcsseldorf<br \/>HR Nr.: Amtsgericht D\u00fcsseldorf HRB 38634 | USt-IdNr. DE199599201<br \/>Fon.: +49-211-171499 0 | Fax.: +49-211-171499 182<br \/>Email: <a href=\"mailto:distribution@unifafashion.com\">distribution@unifafashion.com<\/a> | URL: <a href=\"http:\/\/www.unifafashion.com\/\">http:\/\/www.unifafashion.com<\/a><\/p>\n<p><strong>Allgemeine Presse und Marketinganfragen:<\/strong><br \/>Nicole-Beatrice Hubert | <a href=\"mailto:pr@unifafashion.com\">pr@unifafashion.com<\/a><br \/>Gro\u00dfenbaumer Weg 11 | D-40472 D\u00fcsseldorf | Fon: +49-211-171499106\/101 | Fax: +49-211-171499116<\/p>\n\n\n<p><\/p>\n\n\n\n<p><\/p>\n","protected":false},"excerpt":{"rendered":"<p>UNIFA ist Agentur, Distributor und Lizenzpartner. Mit \u00fcber zwei Jahrzehnte Branchenerfahrung verstehen wir uns als verl\u00e4ssliche Schnittstelle zwischen Industrie und Handel \u2013 leidenschaftlich, authentisch und &hellip; <\/p>\n","protected":false},"author":1,"featured_media":0,"parent":0,"menu_order":0,"comment_status":"closed","ping_status":"closed","template":"","meta":{"_uag_custom_page_level_css":"","kk_blocks_editor_width":"","_kiokenblocks_attr":"","_kiokenblocks_dimensions":"","footnotes":""},"class_list":["post-7243","page","type-page","status-publish","hentry"],"uagb_featured_image_src":{"full":false,"thumbnail":false,"medium":false,"medium_large":false,"large":false,"1536x1536":false,"2048x2048":false,"hello-fashion-slider":false,"hello-fashion-blog-three":false,"hello-fashion-blog-four":false,"vilva-slider-one":false,"vilva-featured-four":false,"vilva-blog":false,"vilva-blog-one":false,"vilva-sidebar":false,"awb_sm":false,"awb_md":false,"awb_lg":false,"awb_xl":false},"uagb_author_info":{"display_name":"admin","author_link":"https:\/\/unifa-fashion.com\/?author=1"},"uagb_comment_info":0,"uagb_excerpt":"UNIFA ist Agentur, Distributor und Lizenzpartner. Mit \u00fcber zwei Jahrzehnte Branchenerfahrung verstehen wir uns als verl\u00e4ssliche Schnittstelle zwischen Industrie und Handel \u2013 leidenschaftlich, authentisch und &hellip;","_links":{"self":[{"href":"https:\/\/unifa-fashion.com\/index.php?rest_route=\/wp\/v2\/pages\/7243","targetHints":{"allow":["GET"]}}],"collection":[{"href":"https:\/\/unifa-fashion.com\/index.php?rest_route=\/wp\/v2\/pages"}],"about":[{"href":"https:\/\/unifa-fashion.com\/index.php?rest_route=\/wp\/v2\/types\/page"}],"author":[{"embeddable":true,"href":"https:\/\/unifa-fashion.com\/index.php?rest_route=\/wp\/v2\/users\/1"}],"replies":[{"embeddable":true,"href":"https:\/\/unifa-fashion.com\/index.php?rest_route=%2Fwp%2Fv2%2Fcomments&post=7243"}],"version-history":[{"count":47,"href":"https:\/\/unifa-fashion.com\/index.php?rest_route=\/wp\/v2\/pages\/7243\/revisions"}],"predecessor-version":[{"id":18556,"href":"https:\/\/unifa-fashion.com\/index.php?rest_route=\/wp\/v2\/pages\/7243\/revisions\/18556"}],"wp:attachment":[{"href":"https:\/\/unifa-fashion.com\/index.php?rest_route=%2Fwp%2Fv2%2Fmedia&parent=7243"}],"curies":[{"name":"wp","href":"https:\/\/api.w.org\/{rel}","templated":true}]}}